{"id":18,"date":"2026-01-17T20:44:34","date_gmt":"2026-01-17T17:44:34","guid":{"rendered":"https:\/\/programindir.tr\/es\/?page_id=18"},"modified":"2026-01-17T20:44:34","modified_gmt":"2026-01-17T17:44:34","slug":"aviso-legal","status":"publish","type":"page","link":"https:\/\/programindir.tr\/es\/aviso-legal\/","title":{"rendered":"Aviso legal"},"content":{"rendered":"\n<p>Programindir.tr (\u201c<strong>el Sitio<\/strong>\u201d) es una plataforma que ofrece informaci\u00f3n general sobre la descarga de software y aplicaciones.\nAunque intentamos mantener el contenido lo m\u00e1s actualizado y correcto posible, no se garantiza que sea completamente libre de errores ni que est\u00e9 100% actualizado en todo momento.<\/p>\n\n<p>En este sitio se incluyen, con fines informativos:<\/p>\n\n<ul>\n  <li>Presentaciones de programas,<\/li>\n  <li>Gu\u00edas de instalaci\u00f3n y uso,<\/li>\n  <li>Enlaces externos (sitios oficiales, p\u00e1ginas de descarga, sitios de desarrolladores, etc.).<\/li>\n<\/ul>\n\n<p>\nAntes de descargar e instalar cualquier software, debes revisar siempre en el sitio del desarrollador la licencia, los requisitos del sistema y las advertencias de seguridad.\n<\/p>\n\n<p>Programindir.tr no puede considerarse responsable de da\u00f1os directos o indirectos que puedan derivarse de:<\/p>\n\n<ul>\n  <li>El uso incorrecto de los programas,<\/li>\n  <li>El uso de versiones desactualizadas,<\/li>\n  <li>Descargas realizadas desde sitios de terceros,<\/li>\n  <li>Da\u00f1os en el dispositivo, p\u00e9rdida de datos o infracciones de licencia.<\/li>\n<\/ul>\n\n<p>\nAlgunos enlaces del Sitio pueden redirigir a p\u00e1ginas de terceros. Programindir.tr no es responsable del contenido, la seguridad ni las pol\u00edticas de privacidad de dichos sitios.\n<\/p>\n\n<p>\nLos visitantes que contin\u00faan utilizando el contenido de este Sitio se considerar\u00e1 que aceptan los t\u00e9rminos de este aviso legal.\n<\/p>\n","protected":false},"excerpt":{"rendered":"<p>Programindir.tr (\u201cel Sitio\u201d) es una plataforma que ofrece informaci\u00f3n general sobre la descarga de software y aplicaciones. Aunque intentamos mantener el contenido lo m\u00e1s actualizado y correcto posible, no se garantiza que sea completamente libre de errores ni que est\u00e9 100% actualizado en todo momento. En este sitio se incluyen, con fines informativos: Presentaciones de [&hellip;]<\/p>\n","protected":false},"author":1,"featured_media":0,"parent":0,"menu_order":0,"comment_status":"closed","ping_status":"closed","template":"","meta":{"footnotes":""},"class_list":["post-18","page","type-page","status-publish","hentry"],"_links":{"self":[{"href":"https:\/\/programindir.tr\/es\/wp-json\/wp\/v2\/pages\/18","targetHints":{"allow":["GET"]}}],"collection":[{"href":"https:\/\/programindir.tr\/es\/wp-json\/wp\/v2\/pages"}],"about":[{"href":"https:\/\/programindir.tr\/es\/wp-json\/wp\/v2\/types\/page"}],"author":[{"embeddable":true,"href":"https:\/\/programindir.tr\/es\/wp-json\/wp\/v2\/users\/1"}],"replies":[{"embeddable":true,"href":"https:\/\/programindir.tr\/es\/wp-json\/wp\/v2\/comments?post=18"}],"version-history":[{"count":1,"href":"https:\/\/programindir.tr\/es\/wp-json\/wp\/v2\/pages\/18\/revisions"}],"predecessor-version":[{"id":19,"href":"https:\/\/programindir.tr\/es\/wp-json\/wp\/v2\/pages\/18\/revisions\/19"}],"wp:attachment":[{"href":"https:\/\/programindir.tr\/es\/wp-json\/wp\/v2\/media?parent=18"}],"curies":[{"name":"wp","href":"https:\/\/api.w.org\/{rel}","templated":true}]}}